{"id":9969,"date":"2019-03-21T07:18:29","date_gmt":"2019-03-21T06:18:29","guid":{"rendered":"https:\/\/www.bcnshoppingandshooting.cat\/donaciones-2019\/"},"modified":"2019-03-21T07:18:30","modified_gmt":"2019-03-21T06:18:30","slug":"donaciones-2019","status":"publish","type":"page","link":"https:\/\/www.bcnshoppingandshooting.cat\/es\/donaciones-2019\/","title":{"rendered":"Donaciones 2019"},"content":{"rendered":"<p><img loading=\"lazy\" decoding=\"async\" src=\"https:\/\/www.bcnshoppingandshooting.cat\/wp-content\/uploads\/2019\/03\/logo_VH_Campus_Hospitalari_WEB.png\" alt=\"\" width=\"175\" height=\"53\" \/><\/p>\n<h1 style=\"text-align: center;\">Ajudanos a construir el Nuevo Parque de Atenciones M\u00e9dicas<\/h1>\n<h3 style=\"text-align: center;\">Un nuevo Hospital de Dia para poder pasar la noche en casa<\/h3>\n<p>Participa en la creaci\u00f3n de un entorno pedi\u00e1trico adaptado en el dise\u00f1o y la decoraci\u00f3n para ofrecer a los pacientes y familias mejor bienestar.<\/p>\n<p>Permitir\u00e1 crear un \u00e1rea De atenci\u00f3n independiente para pacientes con immunodeficiencias y boxes de tratamiento individual para pacientes con enfermedades contagiosas.<\/p>\n<p>Seremos el primer hospital pedi\u00e1trico que incorpore un Centro de Infusi\u00f3n \u00abJeffrey Modell\u00bb, area para la atenci\u00f3n de los pacientes con Immunodeficiencias primarias.<\/p>\n<p>Haz tu aportaci\u00f3n!<\/p>\n<p>\t\t\t\t\t\t\t\t\t\t\t<a href=\"https:\/\/www.bcnshoppingandshooting.cat\/wp-content\/uploads\/2019\/03\/metgessa-ok.jpg\" data-elementor-open-lightbox=\"yes\"><br \/>\n\t\t\t\t\t\t\t<img loading=\"lazy\" decoding=\"async\" width=\"1024\" height=\"426\" src=\"https:\/\/www.bcnshoppingandshooting.cat\/wp-content\/uploads\/2019\/03\/metgessa-ok-1024x426.jpg\" alt=\"\" srcset=\"https:\/\/www.bcnshoppingandshooting.cat\/wp-content\/uploads\/2019\/03\/metgessa-ok-1024x426.jpg 1024w, https:\/\/www.bcnshoppingandshooting.cat\/wp-content\/uploads\/2019\/03\/metgessa-ok-300x125.jpg 300w, https:\/\/www.bcnshoppingandshooting.cat\/wp-content\/uploads\/2019\/03\/metgessa-ok-768x320.jpg 768w, https:\/\/www.bcnshoppingandshooting.cat\/wp-content\/uploads\/2019\/03\/metgessa-ok-600x250.jpg 600w, https:\/\/www.bcnshoppingandshooting.cat\/wp-content\/uploads\/2019\/03\/metgessa-ok-350x146.jpg 350w, https:\/\/www.bcnshoppingandshooting.cat\/wp-content\/uploads\/2019\/03\/metgessa-ok.jpg 1600w\" sizes=\"auto, (max-width: 1024px) 100vw, 1024px\" \/>\t\t\t\t\t\t\t\t<\/a><\/p>\n<p><strong>Import de la donaci\u00f3.<\/strong> Clica el bot\u00f3n o escribe directamente la cantidad que quieras<\/p>\n","protected":false},"excerpt":{"rendered":"<p>Ajudanos a construir el Nuevo Parque de Atenciones M\u00e9dicas Un nuevo Hospital de Dia para poder pasar la noche en &#8230; <a title=\"Donaciones 2019\" class=\"read-more\" href=\"https:\/\/www.bcnshoppingandshooting.cat\/es\/donaciones-2019\/\" aria-label=\"Leer m\u00e1s sobre Donaciones 2019\">Llegeix m\u00e9s<\/a><\/p>\n","protected":false},"author":1,"featured_media":0,"parent":0,"menu_order":0,"comment_status":"closed","ping_status":"closed","template":"","meta":{"_kad_blocks_custom_css":"","_kad_blocks_head_custom_js":"","_kad_blocks_body_custom_js":"","_kad_blocks_footer_custom_js":"","_exactmetrics_skip_tracking":false,"_exactmetrics_sitenote_active":false,"_exactmetrics_sitenote_note":"","_exactmetrics_sitenote_category":0,"footnotes":""},"class_list":{"0":"post-9969","1":"page","2":"type-page","3":"status-publish","5":"infinite-scroll-item"},"taxonomy_info":[],"featured_image_src_large":false,"author_info":{"display_name":"moon","author_link":"https:\/\/www.bcnshoppingandshooting.cat\/es\/author\/moon\/"},"comment_info":0,"_links":{"self":[{"href":"https:\/\/www.bcnshoppingandshooting.cat\/es\/wp-json\/wp\/v2\/pages\/9969","targetHints":{"allow":["GET"]}}],"collection":[{"href":"https:\/\/www.bcnshoppingandshooting.cat\/es\/wp-json\/wp\/v2\/pages"}],"about":[{"href":"https:\/\/www.bcnshoppingandshooting.cat\/es\/wp-json\/wp\/v2\/types\/page"}],"author":[{"embeddable":true,"href":"https:\/\/www.bcnshoppingandshooting.cat\/es\/wp-json\/wp\/v2\/users\/1"}],"replies":[{"embeddable":true,"href":"https:\/\/www.bcnshoppingandshooting.cat\/es\/wp-json\/wp\/v2\/comments?post=9969"}],"version-history":[{"count":0,"href":"https:\/\/www.bcnshoppingandshooting.cat\/es\/wp-json\/wp\/v2\/pages\/9969\/revisions"}],"wp:attachment":[{"href":"https:\/\/www.bcnshoppingandshooting.cat\/es\/wp-json\/wp\/v2\/media?parent=9969"}],"curies":[{"name":"wp","href":"https:\/\/api.w.org\/{rel}","templated":true}]}}