{"id":7120,"date":"2019-02-03T09:06:26","date_gmt":"2019-02-03T08:06:26","guid":{"rendered":"https:\/\/www.bcnshoppingandshooting.cat\/aviso-legal\/"},"modified":"2019-02-03T09:06:26","modified_gmt":"2019-02-03T08:06:26","slug":"aviso-legal","status":"publish","type":"page","link":"https:\/\/www.bcnshoppingandshooting.cat\/es\/aviso-legal\/","title":{"rendered":"Aviso legal"},"content":{"rendered":"<p>Esta p\u00e1gina Web, preparada con una finalidad meramente informativa, es propiedad de\u00a0<b>Fundaci\u00f3 Privada Barcelona Comer\u00e7<\/b>, en adelante la\u00a0<b>Fundaci\u00f3 Barcelona Comer\u00e7<\/b>.<\/p>\n<p>Su contenido est\u00e1 protegido por la legislaci\u00f3n vigente de propiedad intelectual, quedando expresamente prohibida su reproducci\u00f3n (total o parcial), copia o almacenamiento sin autorizaci\u00f3n expresa y por escrito de Fundaci\u00f3 Barcelona Comer\u00e7.<\/p>\n<p>Fundaci\u00f3 Barcelona Comer\u00e7 no asume responsabilidad alguna derivada de la informaci\u00f3n de esta Web y se reserva el derecho exclusivo de modificar y\/o suprimir a su arbitrio y sin previo aviso, la informaci\u00f3n contenida en ella.<\/p>\n<p><b>Fundaci\u00f3 Privada Barcelona Comer\u00e7: CIF G63433650.<\/b><\/p>\n","protected":false},"excerpt":{"rendered":"<p>Esta p\u00e1gina Web, preparada con una finalidad meramente informativa, es propiedad de\u00a0Fundaci\u00f3 Privada Barcelona Comer\u00e7, en adelante la\u00a0Fundaci\u00f3 Barcelona Comer\u00e7. &#8230; <a title=\"Aviso legal\" class=\"read-more\" href=\"https:\/\/www.bcnshoppingandshooting.cat\/es\/aviso-legal\/\" aria-label=\"Leer m\u00e1s sobre Aviso legal\">Llegeix m\u00e9s<\/a><\/p>\n","protected":false},"author":2,"featured_media":0,"parent":0,"menu_order":0,"comment_status":"closed","ping_status":"closed","template":"template-blocks.php","meta":{"_kad_blocks_custom_css":"","_kad_blocks_head_custom_js":"","_kad_blocks_body_custom_js":"","_kad_blocks_footer_custom_js":"","_exactmetrics_skip_tracking":false,"_exactmetrics_sitenote_active":false,"_exactmetrics_sitenote_note":"","_exactmetrics_sitenote_category":0,"footnotes":""},"class_list":{"0":"post-7120","1":"page","2":"type-page","3":"status-publish","5":"infinite-scroll-item"},"taxonomy_info":[],"featured_image_src_large":false,"author_info":{"display_name":"Joan Riedweg","author_link":"https:\/\/www.bcnshoppingandshooting.cat\/es\/author\/joanriedweg\/"},"comment_info":0,"_links":{"self":[{"href":"https:\/\/www.bcnshoppingandshooting.cat\/es\/wp-json\/wp\/v2\/pages\/7120","targetHints":{"allow":["GET"]}}],"collection":[{"href":"https:\/\/www.bcnshoppingandshooting.cat\/es\/wp-json\/wp\/v2\/pages"}],"about":[{"href":"https:\/\/www.bcnshoppingandshooting.cat\/es\/wp-json\/wp\/v2\/types\/page"}],"author":[{"embeddable":true,"href":"https:\/\/www.bcnshoppingandshooting.cat\/es\/wp-json\/wp\/v2\/users\/2"}],"replies":[{"embeddable":true,"href":"https:\/\/www.bcnshoppingandshooting.cat\/es\/wp-json\/wp\/v2\/comments?post=7120"}],"version-history":[{"count":0,"href":"https:\/\/www.bcnshoppingandshooting.cat\/es\/wp-json\/wp\/v2\/pages\/7120\/revisions"}],"wp:attachment":[{"href":"https:\/\/www.bcnshoppingandshooting.cat\/es\/wp-json\/wp\/v2\/media?parent=7120"}],"curies":[{"name":"wp","href":"https:\/\/api.w.org\/{rel}","templated":true}]}}